{"id":4789,"date":"2021-11-20T10:07:33","date_gmt":"2021-11-20T10:07:33","guid":{"rendered":"https:\/\/www.volkanaktas.com.tr\/test3\/?page_id=4789"},"modified":"2021-12-13T19:41:32","modified_gmt":"2021-12-13T19:41:32","slug":"sarimsakli","status":"publish","type":"page","link":"https:\/\/cundaesenotel.com\/en\/sarimsakli\/","title":{"rendered":"Sar\u0131msakl\u0131"},"content":{"rendered":"\t\t<div data-elementor-type=\"wp-page\" data-elementor-id=\"4789\" class=\"elementor elementor-4789\" data-elementor-settings=\"[]\">\n\t\t\t\t\t\t\t<div class=\"elementor-section-wrap\">\n\t\t\t\t\t\t\t<section class=\"elementor-section elementor-top-section elementor-element elementor-element-19d6010a elementor-section-boxed elementor-section-height-default elementor-section-height-default\" data-id=\"19d6010a\" data-element_type=\"section\">\n\t\t\t\t\t\t<div class=\"elementor-container elementor-column-gap-default\">\n\t\t\t\t\t<div class=\"elementor-column elementor-col-100 elementor-top-column elementor-element elementor-element-22eadb04\" data-id=\"22eadb04\" data-element_type=\"column\">\n\t\t\t<div class=\"elementor-widget-wrap elementor-element-populated\">\n\t\t\t\t\t\t\t\t<div class=\"elementor-element elementor-element-2572efd6 elementor-widget elementor-widget-text-editor\" data-id=\"2572efd6\" data-element_type=\"widget\" data-widget_type=\"text-editor.default\">\n\t\t\t\t<div class=\"elementor-widget-container\">\n\t\t\t\t\t\t\t<h3>SARIMSAKLI<\/h3><p class=\"p1\">Sar\u0131msakl\u0131 is the beaches and hotels area of Ayval\u0131k. It is 5 km away from the district center. Sar\u0131msakl\u0131 beach is 7 km long and 100 m wide. You can enjoy the burning taste of the sun on the beach which has Turkey\u2019s thinnest sand and allure your sea passion in its cool waters. When it comes to its beautiful sand; this sand has occurred as a result of by means of various factors collapsing the granite which made up hills surrounding Kozak. The sea has been sprinkling the material brought by rivers to our shores since ten thousand years.<\/p><p class=\"p1\"><b>\u015eeytan Sofras\u0131 (Devil\u2019s Feast)<\/b><\/p><p class=\"p1\">The area is called \u2018\u2019\u015eeytan Sofras\u0131\u2019\u2019 because of there is a footprint said to be belonged to the Devil in an iron cage. From this point, the sea, the pines and the bays remain under your feet. Specially, local and foreign tourists are rushing into this area to watch the sunset.\u00a0 Besides the sunset, while you are living the hidden beauties of the nature by taking one step for beautifying every moment you can become together with the nature and you can have opportunity to see Ayval\u0131k\u2019s beauties bird\u2019s eye.<\/p><p><img loading=\"lazy\" decoding=\"async\" class=\"aligncenter size-full wp-image-4790\" src=\"https:\/\/www.volkanaktas.com.tr\/test3\/wp-content\/uploads\/2021\/11\/seytansofrasi.jpg\" alt=\"\" width=\"710\" height=\"245\" srcset=\"https:\/\/cundaesenotel.com\/en\/wp-content\/uploads\/2021\/11\/seytansofrasi.jpg 710w, https:\/\/cundaesenotel.com\/en\/wp-content\/uploads\/2021\/11\/seytansofrasi-300x104.jpg 300w, https:\/\/cundaesenotel.com\/en\/wp-content\/uploads\/2021\/11\/seytansofrasi-18x6.jpg 18w\" sizes=\"auto, (max-width: 710px) 100vw, 710px\" \/><\/p>\t\t\t\t\t\t<\/div>\n\t\t\t\t<\/div>\n\t\t\t\t\t<\/div>\n\t\t<\/div>\n\t\t\t\t\t\t\t<\/div>\n\t\t<\/section>\n\t\t\t\t\t\t<\/div>\n\t\t\t\t\t<\/div>\n\t\t","protected":false},"excerpt":{"rendered":"<p>SARIMSAKLI<br \/>\nSar\u0131msakl\u0131 is the beaches and hotels area of Ayval\u0131k. It is 5 km away from the district center. Sar\u0131msakl\u0131 beach is 7 km long and 100 m wide. You can enjoy the burning taste of the sun on the beach which has Turkey\u2019s thinnest sand and allure your sea passion in its cool waters. <\/p>\n","protected":false},"author":2,"featured_media":0,"parent":0,"menu_order":0,"comment_status":"closed","ping_status":"closed","template":"","meta":{"footnotes":""},"class_list":["post-4789","page","type-page","status-publish","hentry"],"yoast_head":"<!-- This site is optimized with the Yoast SEO plugin v17.7.1 - https:\/\/yoast.com\/wordpress\/plugins\/seo\/ -->\n<title>Sar\u0131msakl\u0131 - Cunda Esen Hotel<\/title>\n<meta name=\"description\" content=\"Sar\u0131msakl\u0131; serin masmavi denizi ve p\u0131r\u0131l p\u0131r\u0131l alt\u0131n rengi ince taneli kumu ile Ayval\u0131k&#039;\u0131n \u00f6nde gelen plajlar b\u00f6lgesidir.\" \/>\n<meta name=\"robots\" content=\"index, follow, max-snippet:-1, max-image-preview:large, max-video-preview:-1\" \/>\n<link rel=\"canonical\" href=\"https:\/\/cundaesenotel.com\/en\/sarimsakli\/\" \/>\n<meta property=\"og:locale\" content=\"tr_TR\" \/>\n<meta property=\"og:type\" content=\"article\" \/>\n<meta property=\"og:title\" content=\"Sar\u0131msakl\u0131 - Cunda Esen Hotel\" \/>\n<meta property=\"og:description\" content=\"Sar\u0131msakl\u0131; serin masmavi denizi ve p\u0131r\u0131l p\u0131r\u0131l alt\u0131n rengi ince taneli kumu ile Ayval\u0131k&#039;\u0131n \u00f6nde gelen plajlar b\u00f6lgesidir.\" \/>\n<meta property=\"og:url\" content=\"https:\/\/cundaesenotel.com\/en\/sarimsakli\/\" \/>\n<meta property=\"og:site_name\" content=\"Cunda Esen Hotel\" \/>\n<meta property=\"article:modified_time\" content=\"2021-12-13T19:41:32+00:00\" \/>\n<meta property=\"og:image\" content=\"https:\/\/www.volkanaktas.com.tr\/test3\/wp-content\/uploads\/2021\/11\/seytansofrasi.jpg\" \/>\n<meta name=\"twitter:card\" content=\"summary_large_image\" \/>\n<meta name=\"twitter:label1\" content=\"Tahmini okuma s\u00fcresi\" \/>\n\t<meta name=\"twitter:data1\" content=\"2 dakika\" \/>\n<script type=\"application\/ld+json\" class=\"yoast-schema-graph\">{\"@context\":\"https:\/\/schema.org\",\"@graph\":[{\"@type\":\"Organization\",\"@id\":\"https:\/\/cundaesenotel.com\/en\/#organization\",\"name\":\"Cunda Esen Otel\",\"url\":\"https:\/\/cundaesenotel.com\/en\/\",\"sameAs\":[],\"logo\":{\"@type\":\"ImageObject\",\"@id\":\"https:\/\/cundaesenotel.com\/en\/#logo\",\"inLanguage\":\"tr\",\"url\":\"https:\/\/www.volkanaktas.com.tr\/test3\/wp-content\/uploads\/2021\/11\/cundaesenotelhakkimizdaic.jpg\",\"contentUrl\":\"https:\/\/www.volkanaktas.com.tr\/test3\/wp-content\/uploads\/2021\/11\/cundaesenotelhakkimizdaic.jpg\",\"width\":1600,\"height\":600,\"caption\":\"Cunda Esen Otel\"},\"image\":{\"@id\":\"https:\/\/cundaesenotel.com\/en\/#logo\"}},{\"@type\":\"WebSite\",\"@id\":\"https:\/\/cundaesenotel.com\/en\/#website\",\"url\":\"https:\/\/cundaesenotel.com\/en\/\",\"name\":\"Cunda Esen Hotel\",\"description\":\"Ayval\\u0131k Cunda Island\",\"publisher\":{\"@id\":\"https:\/\/cundaesenotel.com\/en\/#organization\"},\"potentialAction\":[{\"@type\":\"SearchAction\",\"target\":{\"@type\":\"EntryPoint\",\"urlTemplate\":\"https:\/\/cundaesenotel.com\/en\/?s={search_term_string}\"},\"query-input\":\"required name=search_term_string\"}],\"inLanguage\":\"tr\"},{\"@type\":\"ImageObject\",\"@id\":\"https:\/\/cundaesenotel.com\/en\/sarimsakli\/#primaryimage\",\"inLanguage\":\"tr\",\"url\":\"https:\/\/www.volkanaktas.com.tr\/test3\/wp-content\/uploads\/2021\/11\/seytansofrasi.jpg\",\"contentUrl\":\"https:\/\/www.volkanaktas.com.tr\/test3\/wp-content\/uploads\/2021\/11\/seytansofrasi.jpg\"},{\"@type\":\"WebPage\",\"@id\":\"https:\/\/cundaesenotel.com\/en\/sarimsakli\/#webpage\",\"url\":\"https:\/\/cundaesenotel.com\/en\/sarimsakli\/\",\"name\":\"Sar\\u0131msakl\\u0131 - Cunda Esen Hotel\",\"isPartOf\":{\"@id\":\"https:\/\/cundaesenotel.com\/en\/#website\"},\"primaryImageOfPage\":{\"@id\":\"https:\/\/cundaesenotel.com\/en\/sarimsakli\/#primaryimage\"},\"datePublished\":\"2021-11-20T10:07:33+00:00\",\"dateModified\":\"2021-12-13T19:41:32+00:00\",\"description\":\"Sar\\u0131msakl\\u0131; serin masmavi denizi ve p\\u0131r\\u0131l p\\u0131r\\u0131l alt\\u0131n rengi ince taneli kumu ile Ayval\\u0131k'\\u0131n \\u00f6nde gelen plajlar b\\u00f6lgesidir.\",\"breadcrumb\":{\"@id\":\"https:\/\/cundaesenotel.com\/en\/sarimsakli\/#breadcrumb\"},\"inLanguage\":\"tr\",\"potentialAction\":[{\"@type\":\"ReadAction\",\"target\":[\"https:\/\/cundaesenotel.com\/en\/sarimsakli\/\"]}]},{\"@type\":\"BreadcrumbList\",\"@id\":\"https:\/\/cundaesenotel.com\/en\/sarimsakli\/#breadcrumb\",\"itemListElement\":[{\"@type\":\"ListItem\",\"position\":1,\"name\":\"Anasayfa\",\"item\":\"https:\/\/cundaesenotel.com\/en\/\"},{\"@type\":\"ListItem\",\"position\":2,\"name\":\"Sar\\u0131msakl\\u0131\"}]}]}<\/script>\n<!-- \/ Yoast SEO plugin. -->","yoast_head_json":{"title":"Sar\u0131msakl\u0131 - Cunda Esen Hotel","description":"Sar\u0131msakl\u0131; serin masmavi denizi ve p\u0131r\u0131l p\u0131r\u0131l alt\u0131n rengi ince taneli kumu ile Ayval\u0131k'\u0131n \u00f6nde gelen plajlar b\u00f6lgesidir.","robots":{"index":"index","follow":"follow","max-snippet":"max-snippet:-1","max-image-preview":"max-image-preview:large","max-video-preview":"max-video-preview:-1"},"canonical":"https:\/\/cundaesenotel.com\/en\/sarimsakli\/","og_locale":"tr_TR","og_type":"article","og_title":"Sar\u0131msakl\u0131 - Cunda Esen Hotel","og_description":"Sar\u0131msakl\u0131; serin masmavi denizi ve p\u0131r\u0131l p\u0131r\u0131l alt\u0131n rengi ince taneli kumu ile Ayval\u0131k'\u0131n \u00f6nde gelen plajlar b\u00f6lgesidir.","og_url":"https:\/\/cundaesenotel.com\/en\/sarimsakli\/","og_site_name":"Cunda Esen Hotel","article_modified_time":"2021-12-13T19:41:32+00:00","og_image":[{"url":"https:\/\/www.volkanaktas.com.tr\/test3\/wp-content\/uploads\/2021\/11\/seytansofrasi.jpg"}],"twitter_card":"summary_large_image","twitter_misc":{"Tahmini okuma s\u00fcresi":"2 dakika"},"schema":{"@context":"https:\/\/schema.org","@graph":[{"@type":"Organization","@id":"https:\/\/cundaesenotel.com\/en\/#organization","name":"Cunda Esen Otel","url":"https:\/\/cundaesenotel.com\/en\/","sameAs":[],"logo":{"@type":"ImageObject","@id":"https:\/\/cundaesenotel.com\/en\/#logo","inLanguage":"tr","url":"https:\/\/www.volkanaktas.com.tr\/test3\/wp-content\/uploads\/2021\/11\/cundaesenotelhakkimizdaic.jpg","contentUrl":"https:\/\/www.volkanaktas.com.tr\/test3\/wp-content\/uploads\/2021\/11\/cundaesenotelhakkimizdaic.jpg","width":1600,"height":600,"caption":"Cunda Esen Otel"},"image":{"@id":"https:\/\/cundaesenotel.com\/en\/#logo"}},{"@type":"WebSite","@id":"https:\/\/cundaesenotel.com\/en\/#website","url":"https:\/\/cundaesenotel.com\/en\/","name":"Cunda Esen Hotel","description":"Ayval\u0131k Cunda Island","publisher":{"@id":"https:\/\/cundaesenotel.com\/en\/#organization"},"potentialAction":[{"@type":"SearchAction","target":{"@type":"EntryPoint","urlTemplate":"https:\/\/cundaesenotel.com\/en\/?s={search_term_string}"},"query-input":"required name=search_term_string"}],"inLanguage":"tr"},{"@type":"ImageObject","@id":"https:\/\/cundaesenotel.com\/en\/sarimsakli\/#primaryimage","inLanguage":"tr","url":"https:\/\/www.volkanaktas.com.tr\/test3\/wp-content\/uploads\/2021\/11\/seytansofrasi.jpg","contentUrl":"https:\/\/www.volkanaktas.com.tr\/test3\/wp-content\/uploads\/2021\/11\/seytansofrasi.jpg"},{"@type":"WebPage","@id":"https:\/\/cundaesenotel.com\/en\/sarimsakli\/#webpage","url":"https:\/\/cundaesenotel.com\/en\/sarimsakli\/","name":"Sar\u0131msakl\u0131 - Cunda Esen Hotel","isPartOf":{"@id":"https:\/\/cundaesenotel.com\/en\/#website"},"primaryImageOfPage":{"@id":"https:\/\/cundaesenotel.com\/en\/sarimsakli\/#primaryimage"},"datePublished":"2021-11-20T10:07:33+00:00","dateModified":"2021-12-13T19:41:32+00:00","description":"Sar\u0131msakl\u0131; serin masmavi denizi ve p\u0131r\u0131l p\u0131r\u0131l alt\u0131n rengi ince taneli kumu ile Ayval\u0131k'\u0131n \u00f6nde gelen plajlar b\u00f6lgesidir.","breadcrumb":{"@id":"https:\/\/cundaesenotel.com\/en\/sarimsakli\/#breadcrumb"},"inLanguage":"tr","potentialAction":[{"@type":"ReadAction","target":["https:\/\/cundaesenotel.com\/en\/sarimsakli\/"]}]},{"@type":"BreadcrumbList","@id":"https:\/\/cundaesenotel.com\/en\/sarimsakli\/#breadcrumb","itemListElement":[{"@type":"ListItem","position":1,"name":"Anasayfa","item":"https:\/\/cundaesenotel.com\/en\/"},{"@type":"ListItem","position":2,"name":"Sar\u0131msakl\u0131"}]}]}},"_links":{"self":[{"href":"https:\/\/cundaesenotel.com\/en\/wp-json\/wp\/v2\/pages\/4789","targetHints":{"allow":["GET"]}}],"collection":[{"href":"https:\/\/cundaesenotel.com\/en\/wp-json\/wp\/v2\/pages"}],"about":[{"href":"https:\/\/cundaesenotel.com\/en\/wp-json\/wp\/v2\/types\/page"}],"author":[{"embeddable":true,"href":"https:\/\/cundaesenotel.com\/en\/wp-json\/wp\/v2\/users\/2"}],"replies":[{"embeddable":true,"href":"https:\/\/cundaesenotel.com\/en\/wp-json\/wp\/v2\/comments?post=4789"}],"version-history":[{"count":4,"href":"https:\/\/cundaesenotel.com\/en\/wp-json\/wp\/v2\/pages\/4789\/revisions"}],"predecessor-version":[{"id":5912,"href":"https:\/\/cundaesenotel.com\/en\/wp-json\/wp\/v2\/pages\/4789\/revisions\/5912"}],"wp:attachment":[{"href":"https:\/\/cundaesenotel.com\/en\/wp-json\/wp\/v2\/media?parent=4789"}],"curies":[{"name":"wp","href":"https:\/\/api.w.org\/{rel}","templated":true}]}}