{"id":4781,"date":"2021-11-20T10:03:35","date_gmt":"2021-11-20T10:03:35","guid":{"rendered":"https:\/\/www.volkanaktas.com.tr\/test3\/?page_id=4781"},"modified":"2021-12-15T09:08:22","modified_gmt":"2021-12-15T09:08:22","slug":"cunda-island","status":"publish","type":"page","link":"https:\/\/cundaesenotel.com\/en\/cunda-island\/","title":{"rendered":"Cunda Island"},"content":{"rendered":"\t\t<div data-elementor-type=\"wp-page\" data-elementor-id=\"4781\" class=\"elementor elementor-4781\" data-elementor-settings=\"[]\">\n\t\t\t\t\t\t\t<div class=\"elementor-section-wrap\">\n\t\t\t\t\t\t\t<section class=\"elementor-section elementor-top-section elementor-element elementor-element-a43caf5 elementor-section-boxed elementor-section-height-default elementor-section-height-default\" data-id=\"a43caf5\" data-element_type=\"section\">\n\t\t\t\t\t\t<div class=\"elementor-container elementor-column-gap-default\">\n\t\t\t\t\t<div class=\"elementor-column elementor-col-100 elementor-top-column elementor-element elementor-element-591e1138\" data-id=\"591e1138\" data-element_type=\"column\">\n\t\t\t<div class=\"elementor-widget-wrap elementor-element-populated\">\n\t\t\t\t\t\t\t\t<div class=\"elementor-element elementor-element-1015eb16 elementor-widget elementor-widget-text-editor\" data-id=\"1015eb16\" data-element_type=\"widget\" data-widget_type=\"text-editor.default\">\n\t\t\t\t<div class=\"elementor-widget-container\">\n\t\t\t\t\t\t\t<h2><img loading=\"lazy\" decoding=\"async\" class=\"aligncenter size-full wp-image-4782\" src=\"https:\/\/www.volkanaktas.com.tr\/test3\/wp-content\/uploads\/2021\/11\/cundaadasisahil.jpg\" alt=\"\" width=\"710\" height=\"138\" srcset=\"https:\/\/cundaesenotel.com\/en\/wp-content\/uploads\/2021\/11\/cundaadasisahil.jpg 710w, https:\/\/cundaesenotel.com\/en\/wp-content\/uploads\/2021\/11\/cundaadasisahil-300x58.jpg 300w, https:\/\/cundaesenotel.com\/en\/wp-content\/uploads\/2021\/11\/cundaadasisahil-18x3.jpg 18w\" sizes=\"auto, (max-width: 710px) 100vw, 710px\" \/><\/h2><h2>CUNDA ISLAND (AL\u0130BEY ISLAND)<\/h2><p class=\"p1\">Cunda Island (Alibey Island) which is one of the islands connected to Ayval\u0131k, as well as embraces the sea its own unique architecture,\u00a0 shows itself in everywhere as embraces the sea besides its own unique architecture its reach couisine and small fishing boats that liven up the riot of colors from its cobblestone streets to the shore with the local people integrated with the spirit of the island.<\/p><p class=\"p1\">According to Ahmet Yorulmaz\u2019 s book \u2018\u2019Ayval\u0131k\u2019 \u0131 Gezerken 5\u2019\u2019, it is belived that the name of Cunda Island is Galat from Greek Islands which is said in Piri Reis\u2019 s Kitab-\u0131 Bahriye. After National Liberation, the island is named as \u2018\u2019Alibey Island\u2019\u2019 in memory of the heroic commander Alibey who is the first resisted the emperyalist enemy. The connection of Cunda (Alibey) Island with the mainland is provided by two separate bridges. The first bosphorus bridge of Turkey which connects Cunda (Alibey) Island and Lale Island was built in 1964. Lale Island is connected to mainland by a 700m. long level crossing bridge-road which was made by filling the sea in 1817.<\/p><p style=\"text-align: center;\"><em><b>Taksiyarhis Church (Rahmi M. Ko\u00e7 Museum)<\/b><\/em><\/p><p><img loading=\"lazy\" decoding=\"async\" class=\"aligncenter size-full wp-image-4783\" src=\"https:\/\/www.volkanaktas.com.tr\/test3\/wp-content\/uploads\/2021\/11\/taksiyarhiskilisesi.jpg\" alt=\"\" width=\"710\" height=\"245\" srcset=\"https:\/\/cundaesenotel.com\/en\/wp-content\/uploads\/2021\/11\/taksiyarhiskilisesi.jpg 710w, https:\/\/cundaesenotel.com\/en\/wp-content\/uploads\/2021\/11\/taksiyarhiskilisesi-300x104.jpg 300w, https:\/\/cundaesenotel.com\/en\/wp-content\/uploads\/2021\/11\/taksiyarhiskilisesi-18x6.jpg 18w\" sizes=\"auto, (max-width: 710px) 100vw, 710px\" \/><\/p><p class=\"p2\">Taksiyarhis Church was built on old foundations by Greek Orthodox community in 1873 as Metropolitan (Metropol) Church. The Church is attributed to the \u2018\u2019Taksiyarhis, i.e., Chief Angels Gabriel and Michael\u2019\u2019. It was neglected and destroyed by people after the damage it had in the earthquake occurred in 1944.<\/p><h5><em><strong>Agia Triyada Church :<\/strong><\/em><\/h5><p><img loading=\"lazy\" decoding=\"async\" class=\"alignleft size-full wp-image-4784\" src=\"https:\/\/www.volkanaktas.com.tr\/test3\/wp-content\/uploads\/2021\/11\/agiatriyadokilisesi.jpg\" alt=\"\" width=\"350\" height=\"200\" srcset=\"https:\/\/cundaesenotel.com\/en\/wp-content\/uploads\/2021\/11\/agiatriyadokilisesi.jpg 350w, https:\/\/cundaesenotel.com\/en\/wp-content\/uploads\/2021\/11\/agiatriyadokilisesi-300x171.jpg 300w, https:\/\/cundaesenotel.com\/en\/wp-content\/uploads\/2021\/11\/agiatriyadokilisesi-18x10.jpg 18w\" sizes=\"auto, (max-width: 350px) 100vw, 350px\" \/><\/p><p class=\"p1\">The church was open for worship till 1922, was abandoned to its own fate after the exchange. The adornments of the church where three walls is still standing have been destroyed. In the construction of the Agia Triyada Church, mainly local stones, sar\u0131msak stone in certain parts and large block stones brought from Nasos remains in the corners were used.<\/p><p>\u00a0<\/p><h5><em><strong>Sevim and Nejdet Kent Library :<\/strong><\/em><\/h5><p><img loading=\"lazy\" decoding=\"async\" class=\"alignleft size-full wp-image-4786\" src=\"https:\/\/www.volkanaktas.com.tr\/test3\/wp-content\/uploads\/2021\/11\/nejdetkentkutuphanesi1.jpg\" alt=\"\" width=\"337\" height=\"223\" srcset=\"https:\/\/cundaesenotel.com\/en\/wp-content\/uploads\/2021\/11\/nejdetkentkutuphanesi1.jpg 337w, https:\/\/cundaesenotel.com\/en\/wp-content\/uploads\/2021\/11\/nejdetkentkutuphanesi1-300x199.jpg 300w, https:\/\/cundaesenotel.com\/en\/wp-content\/uploads\/2021\/11\/nejdetkentkutuphanesi1-18x12.jpg 18w\" sizes=\"auto, (max-width: 337px) 100vw, 337px\" \/><\/p><p class=\"p1\">The main church of the monastery which connected to the Fener Greek Patriarchate in Istanbul during the period of Patriarch Teodosios is in the north-western part. This chapel is also an indispensable part of the monastery with its architecture. At the same time, the library which found here began to enrich as from 1835, besides religious books, with publications about 17th and 18th century church law the library became famous.<\/p><p class=\"p1\">The chapel has been destroyed over time after the exchange. Remaining from the mill which was probably providing flour to the monastery that were said to be on the western side of the chapel were only the foundation stones. The mill and the church which were remained as ruined for many years, serve as Sevim and Nejdet Kent Library in the Rahmi M. Ko\u00e7 Museum and Culture Foundation.<\/p>\t\t\t\t\t\t<\/div>\n\t\t\t\t<\/div>\n\t\t\t\t\t<\/div>\n\t\t<\/div>\n\t\t\t\t\t\t\t<\/div>\n\t\t<\/section>\n\t\t\t\t\t\t<\/div>\n\t\t\t\t\t<\/div>\n\t\t","protected":false},"excerpt":{"rendered":"<p>\nCUNDA ISLAND (AL\u0130BEY ISLAND)<br \/>\nCunda Island (Alibey Island) which is one of the islands connected to Ayval\u0131k, as well as embraces the sea its own unique architecture,\u00a0 shows itself in everywhere as embraces the sea besides its own unique architecture its reach couisine and small fishing boats that liven up the riot of colors <\/p>\n","protected":false},"author":2,"featured_media":0,"parent":0,"menu_order":0,"comment_status":"closed","ping_status":"closed","template":"","meta":{"footnotes":""},"class_list":["post-4781","page","type-page","status-publish","hentry"],"yoast_head":"<!-- This site is optimized with the Yoast SEO plugin v17.7.1 - https:\/\/yoast.com\/wordpress\/plugins\/seo\/ -->\n<title>Cunda Island - Cunda Esen Hotel<\/title>\n<meta name=\"description\" content=\"Cunda Adas\u0131&#039;nda; kendi mimarisine \u00f6zg\u00fc yap\u0131lar\u0131n\u0131n yan\u0131s\u0131ra tarihi sokaklar\u0131nda yapaca\u011f\u0131n\u0131z gezilerde Cunda Adas\u0131&#039;n\u0131n tarihi ya\u015fayacaks\u0131n\u0131z.\" \/>\n<meta name=\"robots\" content=\"index, follow, max-snippet:-1, max-image-preview:large, max-video-preview:-1\" \/>\n<link rel=\"canonical\" href=\"https:\/\/cundaesenotel.com\/en\/cunda-island\/\" \/>\n<meta property=\"og:locale\" content=\"tr_TR\" \/>\n<meta property=\"og:type\" content=\"article\" \/>\n<meta property=\"og:title\" content=\"Cunda Island - Cunda Esen Hotel\" \/>\n<meta property=\"og:description\" content=\"Cunda Adas\u0131&#039;nda; kendi mimarisine \u00f6zg\u00fc yap\u0131lar\u0131n\u0131n yan\u0131s\u0131ra tarihi sokaklar\u0131nda yapaca\u011f\u0131n\u0131z gezilerde Cunda Adas\u0131&#039;n\u0131n tarihi ya\u015fayacaks\u0131n\u0131z.\" \/>\n<meta property=\"og:url\" content=\"https:\/\/cundaesenotel.com\/en\/cunda-island\/\" \/>\n<meta property=\"og:site_name\" content=\"Cunda Esen Hotel\" \/>\n<meta property=\"article:modified_time\" content=\"2021-12-15T09:08:22+00:00\" \/>\n<meta property=\"og:image\" content=\"https:\/\/www.volkanaktas.com.tr\/test3\/wp-content\/uploads\/2021\/11\/cundaadasisahil.jpg\" \/>\n<meta name=\"twitter:card\" content=\"summary_large_image\" \/>\n<meta name=\"twitter:label1\" content=\"Tahmini okuma s\u00fcresi\" \/>\n\t<meta name=\"twitter:data1\" content=\"3 dakika\" \/>\n<script type=\"application\/ld+json\" class=\"yoast-schema-graph\">{\"@context\":\"https:\/\/schema.org\",\"@graph\":[{\"@type\":\"Organization\",\"@id\":\"https:\/\/cundaesenotel.com\/en\/#organization\",\"name\":\"Cunda Esen Otel\",\"url\":\"https:\/\/cundaesenotel.com\/en\/\",\"sameAs\":[],\"logo\":{\"@type\":\"ImageObject\",\"@id\":\"https:\/\/cundaesenotel.com\/en\/#logo\",\"inLanguage\":\"tr\",\"url\":\"https:\/\/www.volkanaktas.com.tr\/test3\/wp-content\/uploads\/2021\/11\/cundaesenotelhakkimizdaic.jpg\",\"contentUrl\":\"https:\/\/www.volkanaktas.com.tr\/test3\/wp-content\/uploads\/2021\/11\/cundaesenotelhakkimizdaic.jpg\",\"width\":1600,\"height\":600,\"caption\":\"Cunda Esen Otel\"},\"image\":{\"@id\":\"https:\/\/cundaesenotel.com\/en\/#logo\"}},{\"@type\":\"WebSite\",\"@id\":\"https:\/\/cundaesenotel.com\/en\/#website\",\"url\":\"https:\/\/cundaesenotel.com\/en\/\",\"name\":\"Cunda Esen Hotel\",\"description\":\"Ayval\\u0131k Cunda Island\",\"publisher\":{\"@id\":\"https:\/\/cundaesenotel.com\/en\/#organization\"},\"potentialAction\":[{\"@type\":\"SearchAction\",\"target\":{\"@type\":\"EntryPoint\",\"urlTemplate\":\"https:\/\/cundaesenotel.com\/en\/?s={search_term_string}\"},\"query-input\":\"required name=search_term_string\"}],\"inLanguage\":\"tr\"},{\"@type\":\"ImageObject\",\"@id\":\"https:\/\/cundaesenotel.com\/en\/cunda-island\/#primaryimage\",\"inLanguage\":\"tr\",\"url\":\"https:\/\/www.volkanaktas.com.tr\/test3\/wp-content\/uploads\/2021\/11\/cundaadasisahil.jpg\",\"contentUrl\":\"https:\/\/www.volkanaktas.com.tr\/test3\/wp-content\/uploads\/2021\/11\/cundaadasisahil.jpg\"},{\"@type\":\"WebPage\",\"@id\":\"https:\/\/cundaesenotel.com\/en\/cunda-island\/#webpage\",\"url\":\"https:\/\/cundaesenotel.com\/en\/cunda-island\/\",\"name\":\"Cunda Island - Cunda Esen Hotel\",\"isPartOf\":{\"@id\":\"https:\/\/cundaesenotel.com\/en\/#website\"},\"primaryImageOfPage\":{\"@id\":\"https:\/\/cundaesenotel.com\/en\/cunda-island\/#primaryimage\"},\"datePublished\":\"2021-11-20T10:03:35+00:00\",\"dateModified\":\"2021-12-15T09:08:22+00:00\",\"description\":\"Cunda Adas\\u0131'nda; kendi mimarisine \\u00f6zg\\u00fc yap\\u0131lar\\u0131n\\u0131n yan\\u0131s\\u0131ra tarihi sokaklar\\u0131nda yapaca\\u011f\\u0131n\\u0131z gezilerde Cunda Adas\\u0131'n\\u0131n tarihi ya\\u015fayacaks\\u0131n\\u0131z.\",\"breadcrumb\":{\"@id\":\"https:\/\/cundaesenotel.com\/en\/cunda-island\/#breadcrumb\"},\"inLanguage\":\"tr\",\"potentialAction\":[{\"@type\":\"ReadAction\",\"target\":[\"https:\/\/cundaesenotel.com\/en\/cunda-island\/\"]}]},{\"@type\":\"BreadcrumbList\",\"@id\":\"https:\/\/cundaesenotel.com\/en\/cunda-island\/#breadcrumb\",\"itemListElement\":[{\"@type\":\"ListItem\",\"position\":1,\"name\":\"Anasayfa\",\"item\":\"https:\/\/cundaesenotel.com\/en\/\"},{\"@type\":\"ListItem\",\"position\":2,\"name\":\"Cunda Island\"}]}]}<\/script>\n<!-- \/ Yoast SEO plugin. -->","yoast_head_json":{"title":"Cunda Island - Cunda Esen Hotel","description":"Cunda Adas\u0131'nda; kendi mimarisine \u00f6zg\u00fc yap\u0131lar\u0131n\u0131n yan\u0131s\u0131ra tarihi sokaklar\u0131nda yapaca\u011f\u0131n\u0131z gezilerde Cunda Adas\u0131'n\u0131n tarihi ya\u015fayacaks\u0131n\u0131z.","robots":{"index":"index","follow":"follow","max-snippet":"max-snippet:-1","max-image-preview":"max-image-preview:large","max-video-preview":"max-video-preview:-1"},"canonical":"https:\/\/cundaesenotel.com\/en\/cunda-island\/","og_locale":"tr_TR","og_type":"article","og_title":"Cunda Island - Cunda Esen Hotel","og_description":"Cunda Adas\u0131'nda; kendi mimarisine \u00f6zg\u00fc yap\u0131lar\u0131n\u0131n yan\u0131s\u0131ra tarihi sokaklar\u0131nda yapaca\u011f\u0131n\u0131z gezilerde Cunda Adas\u0131'n\u0131n tarihi ya\u015fayacaks\u0131n\u0131z.","og_url":"https:\/\/cundaesenotel.com\/en\/cunda-island\/","og_site_name":"Cunda Esen Hotel","article_modified_time":"2021-12-15T09:08:22+00:00","og_image":[{"url":"https:\/\/www.volkanaktas.com.tr\/test3\/wp-content\/uploads\/2021\/11\/cundaadasisahil.jpg"}],"twitter_card":"summary_large_image","twitter_misc":{"Tahmini okuma s\u00fcresi":"3 dakika"},"schema":{"@context":"https:\/\/schema.org","@graph":[{"@type":"Organization","@id":"https:\/\/cundaesenotel.com\/en\/#organization","name":"Cunda Esen Otel","url":"https:\/\/cundaesenotel.com\/en\/","sameAs":[],"logo":{"@type":"ImageObject","@id":"https:\/\/cundaesenotel.com\/en\/#logo","inLanguage":"tr","url":"https:\/\/www.volkanaktas.com.tr\/test3\/wp-content\/uploads\/2021\/11\/cundaesenotelhakkimizdaic.jpg","contentUrl":"https:\/\/www.volkanaktas.com.tr\/test3\/wp-content\/uploads\/2021\/11\/cundaesenotelhakkimizdaic.jpg","width":1600,"height":600,"caption":"Cunda Esen Otel"},"image":{"@id":"https:\/\/cundaesenotel.com\/en\/#logo"}},{"@type":"WebSite","@id":"https:\/\/cundaesenotel.com\/en\/#website","url":"https:\/\/cundaesenotel.com\/en\/","name":"Cunda Esen Hotel","description":"Ayval\u0131k Cunda Island","publisher":{"@id":"https:\/\/cundaesenotel.com\/en\/#organization"},"potentialAction":[{"@type":"SearchAction","target":{"@type":"EntryPoint","urlTemplate":"https:\/\/cundaesenotel.com\/en\/?s={search_term_string}"},"query-input":"required name=search_term_string"}],"inLanguage":"tr"},{"@type":"ImageObject","@id":"https:\/\/cundaesenotel.com\/en\/cunda-island\/#primaryimage","inLanguage":"tr","url":"https:\/\/www.volkanaktas.com.tr\/test3\/wp-content\/uploads\/2021\/11\/cundaadasisahil.jpg","contentUrl":"https:\/\/www.volkanaktas.com.tr\/test3\/wp-content\/uploads\/2021\/11\/cundaadasisahil.jpg"},{"@type":"WebPage","@id":"https:\/\/cundaesenotel.com\/en\/cunda-island\/#webpage","url":"https:\/\/cundaesenotel.com\/en\/cunda-island\/","name":"Cunda Island - Cunda Esen Hotel","isPartOf":{"@id":"https:\/\/cundaesenotel.com\/en\/#website"},"primaryImageOfPage":{"@id":"https:\/\/cundaesenotel.com\/en\/cunda-island\/#primaryimage"},"datePublished":"2021-11-20T10:03:35+00:00","dateModified":"2021-12-15T09:08:22+00:00","description":"Cunda Adas\u0131'nda; kendi mimarisine \u00f6zg\u00fc yap\u0131lar\u0131n\u0131n yan\u0131s\u0131ra tarihi sokaklar\u0131nda yapaca\u011f\u0131n\u0131z gezilerde Cunda Adas\u0131'n\u0131n tarihi ya\u015fayacaks\u0131n\u0131z.","breadcrumb":{"@id":"https:\/\/cundaesenotel.com\/en\/cunda-island\/#breadcrumb"},"inLanguage":"tr","potentialAction":[{"@type":"ReadAction","target":["https:\/\/cundaesenotel.com\/en\/cunda-island\/"]}]},{"@type":"BreadcrumbList","@id":"https:\/\/cundaesenotel.com\/en\/cunda-island\/#breadcrumb","itemListElement":[{"@type":"ListItem","position":1,"name":"Anasayfa","item":"https:\/\/cundaesenotel.com\/en\/"},{"@type":"ListItem","position":2,"name":"Cunda Island"}]}]}},"_links":{"self":[{"href":"https:\/\/cundaesenotel.com\/en\/wp-json\/wp\/v2\/pages\/4781","targetHints":{"allow":["GET"]}}],"collection":[{"href":"https:\/\/cundaesenotel.com\/en\/wp-json\/wp\/v2\/pages"}],"about":[{"href":"https:\/\/cundaesenotel.com\/en\/wp-json\/wp\/v2\/types\/page"}],"author":[{"embeddable":true,"href":"https:\/\/cundaesenotel.com\/en\/wp-json\/wp\/v2\/users\/2"}],"replies":[{"embeddable":true,"href":"https:\/\/cundaesenotel.com\/en\/wp-json\/wp\/v2\/comments?post=4781"}],"version-history":[{"count":11,"href":"https:\/\/cundaesenotel.com\/en\/wp-json\/wp\/v2\/pages\/4781\/revisions"}],"predecessor-version":[{"id":6006,"href":"https:\/\/cundaesenotel.com\/en\/wp-json\/wp\/v2\/pages\/4781\/revisions\/6006"}],"wp:attachment":[{"href":"https:\/\/cundaesenotel.com\/en\/wp-json\/wp\/v2\/media?parent=4781"}],"curies":[{"name":"wp","href":"https:\/\/api.w.org\/{rel}","templated":true}]}}