{"id":4774,"date":"2021-11-20T09:55:35","date_gmt":"2021-11-20T09:55:35","guid":{"rendered":"https:\/\/www.volkanaktas.com.tr\/test3\/?page_id=4774"},"modified":"2021-12-15T09:03:30","modified_gmt":"2021-12-15T09:03:30","slug":"ayvalik","status":"publish","type":"page","link":"https:\/\/cundaesenotel.com\/en\/ayvalik\/","title":{"rendered":"Ayvalik"},"content":{"rendered":"\t\t<div data-elementor-type=\"wp-page\" data-elementor-id=\"4774\" class=\"elementor elementor-4774\" data-elementor-settings=\"[]\">\n\t\t\t\t\t\t\t<div class=\"elementor-section-wrap\">\n\t\t\t\t\t\t\t<section class=\"elementor-section elementor-top-section elementor-element elementor-element-3434c538 elementor-section-boxed elementor-section-height-default elementor-section-height-default\" data-id=\"3434c538\" data-element_type=\"section\">\n\t\t\t\t\t\t<div class=\"elementor-container elementor-column-gap-default\">\n\t\t\t\t\t<div class=\"elementor-column elementor-col-100 elementor-top-column elementor-element elementor-element-35c29e6f\" data-id=\"35c29e6f\" data-element_type=\"column\">\n\t\t\t<div class=\"elementor-widget-wrap elementor-element-populated\">\n\t\t\t\t\t\t\t\t<div class=\"elementor-element elementor-element-64ddc04f elementor-widget elementor-widget-text-editor\" data-id=\"64ddc04f\" data-element_type=\"widget\" data-widget_type=\"text-editor.default\">\n\t\t\t\t<div class=\"elementor-widget-container\">\n\t\t\t\t\t\t\t<h2><img loading=\"lazy\" decoding=\"async\" class=\"aligncenter size-full wp-image-4777\" src=\"https:\/\/www.volkanaktas.com.tr\/test3\/wp-content\/uploads\/2021\/11\/ayvaliktanitimsayfasi.jpg\" alt=\"\" width=\"710\" height=\"245\" srcset=\"https:\/\/cundaesenotel.com\/en\/wp-content\/uploads\/2021\/11\/ayvaliktanitimsayfasi.jpg 710w, https:\/\/cundaesenotel.com\/en\/wp-content\/uploads\/2021\/11\/ayvaliktanitimsayfasi-300x104.jpg 300w, https:\/\/cundaesenotel.com\/en\/wp-content\/uploads\/2021\/11\/ayvaliktanitimsayfasi-18x6.jpg 18w\" sizes=\"auto, (max-width: 710px) 100vw, 710px\" \/><br \/><strong>AYVALIK<br \/><\/strong><\/h2><p class=\"p1\">Ayval\u0131k where olive and pine forests are embraced with sea and where beautiful adjacent bays with\u00a0 beautiful large and small islands, is waiting to be discovered with its architectural structures and fascinating underwater world; It is a tourism paradise where suddenly you can find yourself in the gorgeous streets that smell history while you are walking around Cunda(Alibey) Island and where you can rest your soul in the melody of the silence and you can find yourself together with the nature by getting away from the city life rush, also you can live the sunset in the most beautiful state. \u00a0\u00a0\u00a0\u00a0\u00a0<\/p><h4><strong><em>AYVALIK HISTORY<\/em><\/strong><\/h4><p class=\"p1\">Ayval\u0131k is became settlement of various societies since BC 1500 and later Mysia people who came away from Balkans settled in this region. Respectively, they lived under Hittites, Phrygians, Lydians, Persians, Pergamum Kingdom and Romans dominance.<\/p><p class=\"p1\">The Turkish Greeks who left Ayval\u0131k by way of exchange defined Ayval\u0131k as the capital of Aiolis in their later published books. According to one opinion, the region ruled by Turks with the arrival of Turks to Anatolia and the establishment of the Ottoman Empire is established by Ottoman Greeks who came from Kayseri during Jelali revolts in 1620\u2019s. According to another opinion; Ayval\u0131k was entered a period in a different position as autonomous region where Ottoman Greeks live and the only Turks were government officials under Ottoman Empire as from 1770.<\/p><p class=\"p1\">In antiquity, the Hekatonisa name was given to Ayval\u0131k Islands. This name came from Apollon, also known as Hekatos, the chief god of the ancient city of Nesos which is said with the same name as Nesos (Moshonisi, Cunda with other name Alibey Island) which is the largest of the islands. Apart from Nesos, there were Chalkis, Pordoselene and Kydonia ancient settlements from Apollon Islands. Chalkis and Pordoselene from these four ancient cities have disappeared, but Kydonia and Nesos, as Ayval\u0131k and Cunda Island have reached the present day.<\/p><h4><strong><em>AYVALIK <\/em><em>CITY ARCHITECTURE<\/em><\/strong><\/h4><p class=\"p1\">Ayval\u0131k is one of the magnificent historical cities of the Anatolian geography, which is able to sustain its historical houses and historical city texture till present day besides its geographical beauty, also the history of the city touches to your soul while you are walking around its narrow streets.<\/p><p class=\"p1\">Ayval\u0131k has developed rapidly from the early 1800\u2019s and became an industrial and commercial city. It is became one of the industrial and commercial cities of Aegean with its Olive and olive oil trade based economy. The buildings which make up the historical city texture of Ayval\u0131k mostly built during this period and Ayval\u0131k is a unique site and almost an open air museum with narrow cobblestone streets, stone houses lined side by side, life-oriented faces of houses, sea smell accompanied by wind.<\/p><p class=\"p2\">The gradual settlements of houses rising from shore to top, the view of streets which are based on symmetry and system are made up the main shape of Ayval\u0131k\u2019s architecture. Sar\u0131msak stones which are generally red in the houses indigenously are characteristic of the arrangement of the houses. The door and window openings of the Ayval\u0131k houses that are reflecting the neo-classical architectural style are maintained wide and high. In some of two-storey houses, the upstairs is one of types known as \u2018\u2019cumbal\u0131\u2019\u2019 which made in the shape of a room protruding towards the street.<\/p><h4><em><strong>AYVALIK RELIGIOUS STRUCTURES<\/strong><\/em><\/h4><p class=\"p1\"><b>Agia Ianni Church (Saatli Mosque):\u00a0<\/b>The old church was built by Ottoman Greeks which is in the center of the district. It has a Closed Greek crusader plan. The clock on bell tower rising from the southwest corner of the old church named the structure. Saatli Mosque has protected the bell tower since the time it served as a church and symbolizes the respect of Aegean\u2019s for different beliefs and cultures. The structure was estimated in built in 1850 was the church of Orthodox Christian community before the exchange and it began to serve as a mosque after 1928 without deteriorating its structure. Saatli Camii with its simple but monumental architecture; has been integrated with the appearance and the life of the city and has strengthened its ties with people with the accumulation of centuries.<\/p><p class=\"p1\"><b>Agia Iorgi Church (\u00c7\u0131narl\u0131 Mosque):\u00a0<\/b>\u00c7\u0131narl\u0131 Mosque which looks like opened its own image to the sky is gathered the old age and the tranquillity of plane trees in its garden. Historical plane-trees are defined its life experience in past. In the construction of the structure is located in the center of the district called as market place, sar\u0131msak stone is mainly used. The arched forms placed on the small columns in the frontage arrangement and the network textures and window forms placed on those gave the structure an impressive appearance. It was built by Ottoman Greeks who lived in Ayval\u0131k in the second half of the 19th century. The church was transformed into a mosque in Republican period. \u00a0<br \/><b><br \/>Kato Panaya Church (Hayrettin Pa\u015fa Mosque):\u00a0<\/b>The look of the structures had to be changed according to conditions of that time, in order to be able to afford the religious and social needs of the Turkish population in Ayval\u0131k. For this reason, big amount of churches in Ayval\u0131k city started to be used as mosques after 1928. With this change, Kata Panaya Church was also became Hayrettin Pasha Mosque as the name of the street and the neighbourhood where it is located. The reason why the basilica planned structure with a nerthex entrance in the west, is highly simple, modest and unadorned, is being one of the two schools that give religious education called \u2018\u2019Helen School\u2019\u2019 during Ottoman Greeks period.\u00a0<\/p><p class=\"p1\"><b>Hamidiye Mosque:\u00a0<\/b>The Hamidiye Mosque has the characteristic of being only mosque which was built for Muslims living in Ottoman period in 19th century was built during the reign of Abdulhamid II. It is the only unique structure which reflects the historical value of Ayval\u0131k.<\/p><p class=\"p1\"><b>Taksiyarhis Church:<\/b>\u00a0The church which is located in a neighbourhood where Christians and Muslims live together carries the name of the chief angel Gabriel. Taksiyarhis Church built as the Archbishopric Church, is famous with its paintings of Christian iconography. The church is placed in a large courtyard follows two monumental gates opening to courtyard. The church was built in 1844 as mentioned in its inscription; the basilica planned, stepped built fa\u00e7ade has quite modest appearance. Despite the modest fa\u00e7ade, the inside of the church is so spectacular to reflect the adornment richness of that period. Specially, icons on the top panels of the Iconostasis are paintings of Crete Ecole. You can see a realistic and balanced composition is integrated in these paintings that have the features of the Renaissance painting art and the themes of the Christian iconography. Taksiyarhis Church opened for visitors at the status of monument museum in 2013 following the restoration works finished.<\/p><p class=\"p2\"><b>Ayazma Church:\u00a0<\/b>Ayazma Church is located in the neighbourhood of Kemal Pasha in Ayval\u0131k; is headed towards the sky with an elegant face, trying to escape from the closeness of the courtyard surrounded by high walls. The longitudinally rectangle planned Ayazma Church has straight cut stone wall network, with the symmetry and modesty in appearance except the front entrance gate. The dignified looking of the reddish color of the sar\u0131msak stone even more emphasizes the monumental plan of the fa\u00e7ade. The Ayazma Church known as the Ayazma which means holy water is a different visual from the Greek Orthodox Church mentality. Especially the west side of the rectangle planned basilica structure carries the traces of the ancient architecture.<\/p><p><img loading=\"lazy\" decoding=\"async\" class=\"aligncenter size-full wp-image-4776\" src=\"https:\/\/www.volkanaktas.com.tr\/test3\/wp-content\/uploads\/2021\/11\/ayvalikcamileri.jpg\" alt=\"\" width=\"710\" height=\"245\" srcset=\"https:\/\/cundaesenotel.com\/en\/wp-content\/uploads\/2021\/11\/ayvalikcamileri.jpg 710w, https:\/\/cundaesenotel.com\/en\/wp-content\/uploads\/2021\/11\/ayvalikcamileri-300x104.jpg 300w, https:\/\/cundaesenotel.com\/en\/wp-content\/uploads\/2021\/11\/ayvalikcamileri-18x6.jpg 18w\" sizes=\"auto, (max-width: 710px) 100vw, 710px\" \/><\/p><p><em><strong>AYVALIK UNDERWATER WORLD<\/strong><\/em><\/p><p class=\"p1\">Ayval\u0131k which is a rising star in tourism with its natural texture, history and blue-flagged beaches, distinguishes with its underwater world beauties. One of the most important of the underwater riches is the Red Corals.\u00a0 Red Corals are increasing day by day in Ayval\u0131k which generally finds a living area in Red Sea. Ayval\u0131k waits to be discovered with its underwater world and reefs, shallow and deep water shipwrecks, beautiful amphora remains and sponge species.<\/p><h4><em><strong>TRANSPORTATION<\/strong><\/em>;<\/h4><p class=\"p1\">Ayval\u0131k is on two important roads which are very important and busy for transportation. It is on the highway between Izmir and Canakkale. In addition, vehicles coming over Bandirma-Balikesir will be transported from Edremit route to Ayval\u0131k after joining the Edremit-Izmir road.<\/p><p><b>Transportation from Istanbul to Ayval\u0131k;<\/b><\/p><p><span class=\"s1\"><b>With The Fast Ferry<\/b>;<\/span><\/p><p class=\"p1\">Bandirma will take around 1 hour 30 min over Yenikapi. After Susurluk-Edremit-Ayval\u0131k will be your route.<\/p><p class=\"p1\">\u00a0Through Tekirdag;<\/p><p class=\"p1\">Istanbul-Tekirdag-Eceabat-Canakkale-Ezine-Ayvacik-Edremit-Ayval\u0131k will be your route.<\/p><p class=\"p1\">Through Yalova;<\/p><p class=\"p1\">Yalova-Bursa-Balikesir-Edremit-Ayval\u0131k will be your route.<\/p><p class=\"p1\"><span class=\"s1\"><b>Transportation by Air;<\/b><\/span><\/p><p class=\"p1\">K\u00f6rfez Airport in Edremit district is connected to the Borajet Airlines which has flights from Istanbul Sabiha G\u00f6k\u00e7en Airport. The distance from K\u00f6rfez Airport to Ayval\u0131k is 40 km. and Borajet Airlines has shuttle service.<\/p><p class=\"p2\">Izmir Adnan Menderes Airport has 175 km distance to Ayval\u0131k. \u00a0<\/p>\t\t\t\t\t\t<\/div>\n\t\t\t\t<\/div>\n\t\t\t\t\t<\/div>\n\t\t<\/div>\n\t\t\t\t\t\t\t<\/div>\n\t\t<\/section>\n\t\t\t\t\t\t<\/div>\n\t\t\t\t\t<\/div>\n\t\t","protected":false},"excerpt":{"rendered":"<p>AYVALIK<br \/>\nAyval\u0131k where olive and pine forests are embraced with sea and where beautiful adjacent bays with\u00a0 beautiful large and small islands, is waiting to be discovered with its architectural structures and fascinating underwater world; It is a tourism paradise where suddenly you can find yourself in the gorgeous streets that smell history while you <\/p>\n","protected":false},"author":2,"featured_media":0,"parent":0,"menu_order":0,"comment_status":"closed","ping_status":"closed","template":"","meta":{"footnotes":""},"class_list":["post-4774","page","type-page","status-publish","hentry"],"yoast_head":"<!-- This site is optimized with the Yoast SEO plugin v17.7.1 - https:\/\/yoast.com\/wordpress\/plugins\/seo\/ -->\n<title>Ayvalik - Cunda Esen Hotel<\/title>\n<meta name=\"description\" content=\"Ayval\u0131k tarihinden, kent mimarisine ve gezilmesi gereken yerlere kadar Ayval\u0131k ve \u00e7evresi hakk\u0131nda detayl\u0131 tan\u0131t\u0131m ve bilgilendirme\" \/>\n<meta name=\"robots\" content=\"index, follow, max-snippet:-1, max-image-preview:large, max-video-preview:-1\" \/>\n<link rel=\"canonical\" href=\"https:\/\/cundaesenotel.com\/en\/ayvalik\/\" \/>\n<meta property=\"og:locale\" content=\"tr_TR\" \/>\n<meta property=\"og:type\" content=\"article\" \/>\n<meta property=\"og:title\" content=\"Ayvalik - Cunda Esen Hotel\" \/>\n<meta property=\"og:description\" content=\"Ayval\u0131k tarihinden, kent mimarisine ve gezilmesi gereken yerlere kadar Ayval\u0131k ve \u00e7evresi hakk\u0131nda detayl\u0131 tan\u0131t\u0131m ve bilgilendirme\" \/>\n<meta property=\"og:url\" content=\"https:\/\/cundaesenotel.com\/en\/ayvalik\/\" \/>\n<meta property=\"og:site_name\" content=\"Cunda Esen Hotel\" \/>\n<meta property=\"article:modified_time\" content=\"2021-12-15T09:03:30+00:00\" \/>\n<meta property=\"og:image\" content=\"https:\/\/www.volkanaktas.com.tr\/test3\/wp-content\/uploads\/2021\/11\/ayvaliktanitimsayfasi.jpg\" \/>\n<meta name=\"twitter:card\" content=\"summary_large_image\" \/>\n<meta name=\"twitter:label1\" content=\"Tahmini okuma s\u00fcresi\" \/>\n\t<meta name=\"twitter:data1\" content=\"7 dakika\" \/>\n<script type=\"application\/ld+json\" class=\"yoast-schema-graph\">{\"@context\":\"https:\/\/schema.org\",\"@graph\":[{\"@type\":\"Organization\",\"@id\":\"https:\/\/cundaesenotel.com\/en\/#organization\",\"name\":\"Cunda Esen Otel\",\"url\":\"https:\/\/cundaesenotel.com\/en\/\",\"sameAs\":[],\"logo\":{\"@type\":\"ImageObject\",\"@id\":\"https:\/\/cundaesenotel.com\/en\/#logo\",\"inLanguage\":\"tr\",\"url\":\"https:\/\/www.volkanaktas.com.tr\/test3\/wp-content\/uploads\/2021\/11\/cundaesenotelhakkimizdaic.jpg\",\"contentUrl\":\"https:\/\/www.volkanaktas.com.tr\/test3\/wp-content\/uploads\/2021\/11\/cundaesenotelhakkimizdaic.jpg\",\"width\":1600,\"height\":600,\"caption\":\"Cunda Esen Otel\"},\"image\":{\"@id\":\"https:\/\/cundaesenotel.com\/en\/#logo\"}},{\"@type\":\"WebSite\",\"@id\":\"https:\/\/cundaesenotel.com\/en\/#website\",\"url\":\"https:\/\/cundaesenotel.com\/en\/\",\"name\":\"Cunda Esen Hotel\",\"description\":\"Ayval\\u0131k Cunda Island\",\"publisher\":{\"@id\":\"https:\/\/cundaesenotel.com\/en\/#organization\"},\"potentialAction\":[{\"@type\":\"SearchAction\",\"target\":{\"@type\":\"EntryPoint\",\"urlTemplate\":\"https:\/\/cundaesenotel.com\/en\/?s={search_term_string}\"},\"query-input\":\"required name=search_term_string\"}],\"inLanguage\":\"tr\"},{\"@type\":\"ImageObject\",\"@id\":\"https:\/\/cundaesenotel.com\/en\/ayvalik\/#primaryimage\",\"inLanguage\":\"tr\",\"url\":\"https:\/\/www.volkanaktas.com.tr\/test3\/wp-content\/uploads\/2021\/11\/ayvaliktanitimsayfasi.jpg\",\"contentUrl\":\"https:\/\/www.volkanaktas.com.tr\/test3\/wp-content\/uploads\/2021\/11\/ayvaliktanitimsayfasi.jpg\"},{\"@type\":\"WebPage\",\"@id\":\"https:\/\/cundaesenotel.com\/en\/ayvalik\/#webpage\",\"url\":\"https:\/\/cundaesenotel.com\/en\/ayvalik\/\",\"name\":\"Ayvalik - Cunda Esen Hotel\",\"isPartOf\":{\"@id\":\"https:\/\/cundaesenotel.com\/en\/#website\"},\"primaryImageOfPage\":{\"@id\":\"https:\/\/cundaesenotel.com\/en\/ayvalik\/#primaryimage\"},\"datePublished\":\"2021-11-20T09:55:35+00:00\",\"dateModified\":\"2021-12-15T09:03:30+00:00\",\"description\":\"Ayval\\u0131k tarihinden, kent mimarisine ve gezilmesi gereken yerlere kadar Ayval\\u0131k ve \\u00e7evresi hakk\\u0131nda detayl\\u0131 tan\\u0131t\\u0131m ve bilgilendirme\",\"breadcrumb\":{\"@id\":\"https:\/\/cundaesenotel.com\/en\/ayvalik\/#breadcrumb\"},\"inLanguage\":\"tr\",\"potentialAction\":[{\"@type\":\"ReadAction\",\"target\":[\"https:\/\/cundaesenotel.com\/en\/ayvalik\/\"]}]},{\"@type\":\"BreadcrumbList\",\"@id\":\"https:\/\/cundaesenotel.com\/en\/ayvalik\/#breadcrumb\",\"itemListElement\":[{\"@type\":\"ListItem\",\"position\":1,\"name\":\"Anasayfa\",\"item\":\"https:\/\/cundaesenotel.com\/en\/\"},{\"@type\":\"ListItem\",\"position\":2,\"name\":\"Ayvalik\"}]}]}<\/script>\n<!-- \/ Yoast SEO plugin. -->","yoast_head_json":{"title":"Ayvalik - Cunda Esen Hotel","description":"Ayval\u0131k tarihinden, kent mimarisine ve gezilmesi gereken yerlere kadar Ayval\u0131k ve \u00e7evresi hakk\u0131nda detayl\u0131 tan\u0131t\u0131m ve bilgilendirme","robots":{"index":"index","follow":"follow","max-snippet":"max-snippet:-1","max-image-preview":"max-image-preview:large","max-video-preview":"max-video-preview:-1"},"canonical":"https:\/\/cundaesenotel.com\/en\/ayvalik\/","og_locale":"tr_TR","og_type":"article","og_title":"Ayvalik - Cunda Esen Hotel","og_description":"Ayval\u0131k tarihinden, kent mimarisine ve gezilmesi gereken yerlere kadar Ayval\u0131k ve \u00e7evresi hakk\u0131nda detayl\u0131 tan\u0131t\u0131m ve bilgilendirme","og_url":"https:\/\/cundaesenotel.com\/en\/ayvalik\/","og_site_name":"Cunda Esen Hotel","article_modified_time":"2021-12-15T09:03:30+00:00","og_image":[{"url":"https:\/\/www.volkanaktas.com.tr\/test3\/wp-content\/uploads\/2021\/11\/ayvaliktanitimsayfasi.jpg"}],"twitter_card":"summary_large_image","twitter_misc":{"Tahmini okuma s\u00fcresi":"7 dakika"},"schema":{"@context":"https:\/\/schema.org","@graph":[{"@type":"Organization","@id":"https:\/\/cundaesenotel.com\/en\/#organization","name":"Cunda Esen Otel","url":"https:\/\/cundaesenotel.com\/en\/","sameAs":[],"logo":{"@type":"ImageObject","@id":"https:\/\/cundaesenotel.com\/en\/#logo","inLanguage":"tr","url":"https:\/\/www.volkanaktas.com.tr\/test3\/wp-content\/uploads\/2021\/11\/cundaesenotelhakkimizdaic.jpg","contentUrl":"https:\/\/www.volkanaktas.com.tr\/test3\/wp-content\/uploads\/2021\/11\/cundaesenotelhakkimizdaic.jpg","width":1600,"height":600,"caption":"Cunda Esen Otel"},"image":{"@id":"https:\/\/cundaesenotel.com\/en\/#logo"}},{"@type":"WebSite","@id":"https:\/\/cundaesenotel.com\/en\/#website","url":"https:\/\/cundaesenotel.com\/en\/","name":"Cunda Esen Hotel","description":"Ayval\u0131k Cunda Island","publisher":{"@id":"https:\/\/cundaesenotel.com\/en\/#organization"},"potentialAction":[{"@type":"SearchAction","target":{"@type":"EntryPoint","urlTemplate":"https:\/\/cundaesenotel.com\/en\/?s={search_term_string}"},"query-input":"required name=search_term_string"}],"inLanguage":"tr"},{"@type":"ImageObject","@id":"https:\/\/cundaesenotel.com\/en\/ayvalik\/#primaryimage","inLanguage":"tr","url":"https:\/\/www.volkanaktas.com.tr\/test3\/wp-content\/uploads\/2021\/11\/ayvaliktanitimsayfasi.jpg","contentUrl":"https:\/\/www.volkanaktas.com.tr\/test3\/wp-content\/uploads\/2021\/11\/ayvaliktanitimsayfasi.jpg"},{"@type":"WebPage","@id":"https:\/\/cundaesenotel.com\/en\/ayvalik\/#webpage","url":"https:\/\/cundaesenotel.com\/en\/ayvalik\/","name":"Ayvalik - Cunda Esen Hotel","isPartOf":{"@id":"https:\/\/cundaesenotel.com\/en\/#website"},"primaryImageOfPage":{"@id":"https:\/\/cundaesenotel.com\/en\/ayvalik\/#primaryimage"},"datePublished":"2021-11-20T09:55:35+00:00","dateModified":"2021-12-15T09:03:30+00:00","description":"Ayval\u0131k tarihinden, kent mimarisine ve gezilmesi gereken yerlere kadar Ayval\u0131k ve \u00e7evresi hakk\u0131nda detayl\u0131 tan\u0131t\u0131m ve bilgilendirme","breadcrumb":{"@id":"https:\/\/cundaesenotel.com\/en\/ayvalik\/#breadcrumb"},"inLanguage":"tr","potentialAction":[{"@type":"ReadAction","target":["https:\/\/cundaesenotel.com\/en\/ayvalik\/"]}]},{"@type":"BreadcrumbList","@id":"https:\/\/cundaesenotel.com\/en\/ayvalik\/#breadcrumb","itemListElement":[{"@type":"ListItem","position":1,"name":"Anasayfa","item":"https:\/\/cundaesenotel.com\/en\/"},{"@type":"ListItem","position":2,"name":"Ayvalik"}]}]}},"_links":{"self":[{"href":"https:\/\/cundaesenotel.com\/en\/wp-json\/wp\/v2\/pages\/4774","targetHints":{"allow":["GET"]}}],"collection":[{"href":"https:\/\/cundaesenotel.com\/en\/wp-json\/wp\/v2\/pages"}],"about":[{"href":"https:\/\/cundaesenotel.com\/en\/wp-json\/wp\/v2\/types\/page"}],"author":[{"embeddable":true,"href":"https:\/\/cundaesenotel.com\/en\/wp-json\/wp\/v2\/users\/2"}],"replies":[{"embeddable":true,"href":"https:\/\/cundaesenotel.com\/en\/wp-json\/wp\/v2\/comments?post=4774"}],"version-history":[{"count":12,"href":"https:\/\/cundaesenotel.com\/en\/wp-json\/wp\/v2\/pages\/4774\/revisions"}],"predecessor-version":[{"id":5993,"href":"https:\/\/cundaesenotel.com\/en\/wp-json\/wp\/v2\/pages\/4774\/revisions\/5993"}],"wp:attachment":[{"href":"https:\/\/cundaesenotel.com\/en\/wp-json\/wp\/v2\/media?parent=4774"}],"curies":[{"name":"wp","href":"https:\/\/api.w.org\/{rel}","templated":true}]}}